{"id":255,"date":"2020-12-21T14:37:24","date_gmt":"2020-12-21T17:37:24","guid":{"rendered":"https:\/\/pulvemaq.com.br\/new\/?post_type=product&#038;p=255"},"modified":"2020-12-21T14:43:11","modified_gmt":"2020-12-21T17:43:11","slug":"pttm-600-r-s70","status":"publish","type":"product","link":"https:\/\/pulvemaq.com.br\/new\/index.php\/produto\/pttm-600-r-s70\/","title":{"rendered":"PTTM 600 R \u2013 S70"},"content":{"rendered":"<p><strong>TANQUE<\/strong>: Polietileno com capacidade para 600 litros, com reservat\u00f3rio de \u00e1gua limpa.<\/p>\n<p><strong>FILTRO<\/strong>: Embutido no tanque com 2 sa\u00eddas possibilitando abastecimento autom\u00e1tico.<\/p>\n<p><strong>COMANDO<\/strong>: Constitu\u00eddo de 02 registros de barra, 01 registro de retorno direto, 01 registro para agitador de calda na bomba e lava frasco (opcional)<\/p>\n<p><strong>REGULADOR DE PRESS\u00c3O<\/strong>: Man\u00f4metro de glicerina (rel\u00f3gio).<\/p>\n<p><strong>FILTRAGEM<\/strong>: 01 Filtro na boca do tanque. 01 Filtro para cada lateral<\/p>\n<p><strong>BICOS<\/strong>: 12\/16\/18 Bicos duplos regul\u00e1veis de bronze anti-gotejo.<\/p>\n<p><strong>BOMBA<\/strong>: S70\/JP75\/JP100<\/p>\n<p><strong>VAZ\u00c3O<\/strong>: 70\/100 lts. p\/min<\/p>\n<p><strong>PRESS\u00c3O<\/strong>: 2 a 10 bar<\/p>\n<p><strong>ROTA\u00c7\u00c3O<\/strong>: 540 RPM<\/p>\n<p><strong>H\u00c9LICE<\/strong>: 9 P\u00c1S (720 ou 850 mm) \u2013 rota\u00e7\u00e3o: 2500 RPM<\/p>\n<p><strong>PROTE\u00c7\u00c3O DA H\u00c9LICE<\/strong>: 750 ou 900 mm<\/p>\n<p><strong>RODADO<\/strong>: Eixo simples com pneus novos<\/p>\n<p>&nbsp;<\/p>\n<h6><strong>DIMENS\u00d5ES<\/strong><\/h6>\n<p><strong>ALTURA<\/strong>: 1,70 METROS<\/p>\n<p><strong>LARGURA<\/strong>: 1,80 METROS<\/p>\n<p><strong>COMPRIMENTO<\/strong>: 3,20 METROS<\/p>\n<p><strong>PESO<\/strong>: 320 kg<\/p>\n<p>&nbsp;<\/p>\n<h6><strong>OPCIONAL<\/strong><\/h6>\n<p>Bomba membrana AR503 \/ JP75 \/ S70<\/p>\n","protected":false},"excerpt":{"rendered":"<p>Pulverizador atomizador turbina com capacidade de 600 litros com bomba de membrana ou pist\u00e3o e rodado.<\/p>\n","protected":false},"featured_media":257,"comment_status":"open","ping_status":"closed","template":"","meta":[],"product_cat":[16],"product_tag":[22,33,17],"_links":{"self":[{"href":"https:\/\/pulvemaq.com.br\/new\/index.php\/wp-json\/wp\/v2\/product\/255"}],"collection":[{"href":"https:\/\/pulvemaq.com.br\/new\/index.php\/wp-json\/wp\/v2\/product"}],"about":[{"href":"https:\/\/pulvemaq.com.br\/new\/index.php\/wp-json\/wp\/v2\/types\/product"}],"replies":[{"embeddable":true,"href":"https:\/\/pulvemaq.com.br\/new\/index.php\/wp-json\/wp\/v2\/comments?post=255"}],"wp:featuredmedia":[{"embeddable":true,"href":"https:\/\/pulvemaq.com.br\/new\/index.php\/wp-json\/wp\/v2\/media\/257"}],"wp:attachment":[{"href":"https:\/\/pulvemaq.com.br\/new\/index.php\/wp-json\/wp\/v2\/media?parent=255"}],"wp:term":[{"taxonomy":"product_cat","embeddable":true,"href":"https:\/\/pulvemaq.com.br\/new\/index.php\/wp-json\/wp\/v2\/product_cat?post=255"},{"taxonomy":"product_tag","embeddable":true,"href":"https:\/\/pulvemaq.com.br\/new\/index.php\/wp-json\/wp\/v2\/product_tag?post=255"}],"curies":[{"name":"wp","href":"https:\/\/api.w.org\/{rel}","templated":true}]}}