{"id":138,"date":"2020-12-10T10:49:13","date_gmt":"2020-12-10T13:49:13","guid":{"rendered":"http:\/\/pulvemaq.com.br\/new\/?post_type=product&#038;p=138"},"modified":"2020-12-18T14:06:23","modified_gmt":"2020-12-18T17:06:23","slug":"dctm-600","status":"publish","type":"product","link":"https:\/\/pulvemaq.com.br\/new\/index.php\/produto\/dctm-600\/","title":{"rendered":"DCTM 600"},"content":{"rendered":"<p>Implemento destinado a realizar a aplica\u00e7\u00e3o de calc\u00e1rio, adubo ou similares, constitu\u00eddo de dep\u00f3sito (coxo) de metal. Tra\u00e7\u00e3o mec\u00e2nica e animal com engate frontal. 2 rodas, com pneus aro 14 ou 16. Rolamentos blindados dispensando lubrifica\u00e7\u00e3o. Sistema de roda livre para evitar o arrasto nas curvas. A regulagem da dosagem do calc\u00e1rio a ser aplicado, \u00e9 feita atrav\u00e9s da tampa corredi\u00e7a na parte de baixo junto aos orif\u00edcios de vaz\u00e3o movidos por alavanca frontal. O rendimento depende de maior ou menor vaz\u00e3o dependendo da exig\u00eancia da cultura a ser tratada. A distribui\u00e7\u00e3o \u00e9 feita por eixo dosador acionado pela tra\u00e7\u00e3o. Com engate na barra de tra\u00e7\u00e3o.<\/p>\n<h6>Caracter\u00edsticas:<\/h6>\n<p><strong>LARGURA<\/strong>: 2 m<\/p>\n<p><strong>LATERAL<\/strong>: 55 cm<\/p>\n<p><strong>PROFUNDIDADE<\/strong>:43 cm<\/p>\n<p><strong>CAPACIDADE<\/strong>: Dep\u00f3sito de calc\u00e1rio com mexedores e capacidade entre 600 e 800 kg<\/p>\n","protected":false},"excerpt":{"rendered":"<p>Implemento destinado a realizar a aplica\u00e7\u00e3o de calc\u00e1rio, adubo ou similares, constitu\u00eddo de dep\u00f3sito de metal, tra\u00e7\u00e3o mec\u00e2nica e\/ou animal com engate frontal e 2 rodas.<\/p>\n","protected":false},"featured_media":251,"comment_status":"open","ping_status":"closed","template":"","meta":[],"product_cat":[27],"product_tag":[30,28],"_links":{"self":[{"href":"https:\/\/pulvemaq.com.br\/new\/index.php\/wp-json\/wp\/v2\/product\/138"}],"collection":[{"href":"https:\/\/pulvemaq.com.br\/new\/index.php\/wp-json\/wp\/v2\/product"}],"about":[{"href":"https:\/\/pulvemaq.com.br\/new\/index.php\/wp-json\/wp\/v2\/types\/product"}],"replies":[{"embeddable":true,"href":"https:\/\/pulvemaq.com.br\/new\/index.php\/wp-json\/wp\/v2\/comments?post=138"}],"wp:featuredmedia":[{"embeddable":true,"href":"https:\/\/pulvemaq.com.br\/new\/index.php\/wp-json\/wp\/v2\/media\/251"}],"wp:attachment":[{"href":"https:\/\/pulvemaq.com.br\/new\/index.php\/wp-json\/wp\/v2\/media?parent=138"}],"wp:term":[{"taxonomy":"product_cat","embeddable":true,"href":"https:\/\/pulvemaq.com.br\/new\/index.php\/wp-json\/wp\/v2\/product_cat?post=138"},{"taxonomy":"product_tag","embeddable":true,"href":"https:\/\/pulvemaq.com.br\/new\/index.php\/wp-json\/wp\/v2\/product_tag?post=138"}],"curies":[{"name":"wp","href":"https:\/\/api.w.org\/{rel}","templated":true}]}}