{"id":122,"date":"2020-12-09T16:50:04","date_gmt":"2020-12-09T19:50:04","guid":{"rendered":"http:\/\/pulvemaq.com.br\/new\/?post_type=product&#038;p=122"},"modified":"2020-12-10T11:21:52","modified_gmt":"2020-12-10T14:21:52","slug":"ptm-200-albp-s22-s40","status":"publish","type":"product","link":"https:\/\/pulvemaq.com.br\/new\/index.php\/produto\/ptm-200-albp-s22-s40\/","title":{"rendered":"PTM 200 ALBP S22\/S40"},"content":{"rendered":"<p><strong>TANQUE<\/strong>: Polietileno com capacidade para 200 litros com reservat\u00f3rio de \u00e1gua limpa.<\/p>\n<p><strong>COMANDO<\/strong>: Constitu\u00eddo de 03 registros de barra, 01 registro de retorno direto para regulagem de press\u00e3o, 02 registros para regulagem da vaz\u00e3o dos bra\u00e7os esquerdo e direito.<\/p>\n<p><strong>REGULADOR DE PRESS\u00c3O<\/strong>: Man\u00f4metro (rel\u00f3gio).<\/p>\n<p><strong>FILTRAGEM<\/strong>: 01 filtro na boca do tanque, 01 filtro de linha e 01 peneirinha para cada bico.<\/p>\n<p><strong>BICOS<\/strong>: 16 bicos<\/p>\n<p><strong>BOMBA<\/strong>: KAWASHIMA S22\/S40<\/p>\n<p><strong>VAZ\u00c3O<\/strong>: 10\/18 lts. p\/minuto.<\/p>\n<p><strong>PRESS\u00c3O<\/strong>: 2 a 6 bar<\/p>\n<p><strong>ROTA\u00c7\u00c3O<\/strong>: 540\/1000 RPM<\/p>\n<p><strong>POT\u00caNCIA CONSUMIDA<\/strong>: 1,5 a 2 HP<\/p>\n<p>&nbsp;<\/p>\n<h6>DIMENS\u00d5ES<\/h6>\n<p><strong>ALTURA<\/strong>: 2,00 METROS<\/p>\n<p><strong>LARGURA<\/strong>: 1,20 METROS<\/p>\n<p><strong>COMPRIMENTO<\/strong>: 1,20 METROS<\/p>\n<p><strong>BARRA DE PULVERIZA\u00c7\u00c3O<\/strong>: 7,4 metros<\/p>\n<p><strong>PESO<\/strong>: 100 kg<\/p>\n","protected":false},"excerpt":{"rendered":"<p>Pulverizador com capacidade de 200 litros com bomba de pist\u00e3o.<\/p>\n","protected":false},"featured_media":123,"comment_status":"open","ping_status":"closed","template":"","meta":[],"product_cat":[16],"product_tag":[19,25,17],"_links":{"self":[{"href":"https:\/\/pulvemaq.com.br\/new\/index.php\/wp-json\/wp\/v2\/product\/122"}],"collection":[{"href":"https:\/\/pulvemaq.com.br\/new\/index.php\/wp-json\/wp\/v2\/product"}],"about":[{"href":"https:\/\/pulvemaq.com.br\/new\/index.php\/wp-json\/wp\/v2\/types\/product"}],"replies":[{"embeddable":true,"href":"https:\/\/pulvemaq.com.br\/new\/index.php\/wp-json\/wp\/v2\/comments?post=122"}],"wp:featuredmedia":[{"embeddable":true,"href":"https:\/\/pulvemaq.com.br\/new\/index.php\/wp-json\/wp\/v2\/media\/123"}],"wp:attachment":[{"href":"https:\/\/pulvemaq.com.br\/new\/index.php\/wp-json\/wp\/v2\/media?parent=122"}],"wp:term":[{"taxonomy":"product_cat","embeddable":true,"href":"https:\/\/pulvemaq.com.br\/new\/index.php\/wp-json\/wp\/v2\/product_cat?post=122"},{"taxonomy":"product_tag","embeddable":true,"href":"https:\/\/pulvemaq.com.br\/new\/index.php\/wp-json\/wp\/v2\/product_tag?post=122"}],"curies":[{"name":"wp","href":"https:\/\/api.w.org\/{rel}","templated":true}]}}