{"id":105,"date":"2020-12-09T15:52:58","date_gmt":"2020-12-09T18:52:58","guid":{"rendered":"http:\/\/pulvemaq.com.br\/new\/?post_type=product&#038;p=105"},"modified":"2020-12-18T09:43:24","modified_gmt":"2020-12-18T12:43:24","slug":"pttm-600-s40-s70","status":"publish","type":"product","link":"https:\/\/pulvemaq.com.br\/new\/index.php\/produto\/pttm-600-s40-s70\/","title":{"rendered":"PTTM 600 \u2013 S40 \/ S70"},"content":{"rendered":"<p><strong>TANQUE<\/strong>: Polietileno com capacidade para 600 litros, com reservat\u00f3rio de \u00e1gua limpa.<\/p>\n<p><strong>FILTRO<\/strong>: Embutido no tanque com 2 sa\u00eddas possibilitando abastecimento autom\u00e1tico.<\/p>\n<p><strong>COMANDO<\/strong>: Constitu\u00eddo de 02 registros de barra, 01 registro de retorno direto, 01 registro para agitador de calda na bomba e lava frasco (opcional)<\/p>\n<p><strong>REGULADOR DE PRESS\u00c3O<\/strong>: Man\u00f4metro de glicerina (rel\u00f3gio).<\/p>\n<p><strong>FILTRAGEM<\/strong>: 01 Filtro na boca do tanque. 01 Filtro para cada lateral<\/p>\n<p><strong>BICOS<\/strong>: 12\/16 Bicos duplos regul\u00e1veis de bronze anti-gotejo.<\/p>\n<p><strong>BOMBA<\/strong>: S40<\/p>\n<p><strong>VAZ\u00c3O<\/strong>: 40\/100 lts. p\/min<\/p>\n<p><strong>PRESS\u00c3O<\/strong>: 2 a 6 bar<\/p>\n<p><strong>ROTA\u00c7\u00c3O<\/strong>: 540 RPM<\/p>\n<p><strong>H\u00c9LICE<\/strong>: 12P\u00c1S (700 mm) \u2013 rota\u00e7\u00e3o: 2500 RPM<\/p>\n<p><strong>PROTE\u00c7\u00c3O DA H\u00c9LICE<\/strong>: 750 mm<\/p>\n<p>&nbsp;<\/p>\n<h6><strong>DIMENS\u00d5ES<\/strong><\/h6>\n<p><strong>ALTURA<\/strong>: 1,30 METROS<\/p>\n<p><strong>LARGURA<\/strong>: 1,30 METROS<\/p>\n<p><strong>COMPRIMENTO<\/strong>: 1,20 METROS<\/p>\n<p><strong>PESO<\/strong>: 210 kg<\/p>\n<p>&nbsp;<\/p>\n<h6><strong>OPCIONAL<\/strong><\/h6>\n<p>Bomba membrana AR503 \/ JP75 \/ S70<\/p>\n","protected":false},"excerpt":{"rendered":"<p>Pulverizador atomizador turbina com capacidade de 600 litros com bomba de membrana ou pist\u00e3o.<\/p>\n","protected":false},"featured_media":111,"comment_status":"closed","ping_status":"closed","template":"","meta":[],"product_cat":[16],"product_tag":[22,17],"_links":{"self":[{"href":"https:\/\/pulvemaq.com.br\/new\/index.php\/wp-json\/wp\/v2\/product\/105"}],"collection":[{"href":"https:\/\/pulvemaq.com.br\/new\/index.php\/wp-json\/wp\/v2\/product"}],"about":[{"href":"https:\/\/pulvemaq.com.br\/new\/index.php\/wp-json\/wp\/v2\/types\/product"}],"replies":[{"embeddable":true,"href":"https:\/\/pulvemaq.com.br\/new\/index.php\/wp-json\/wp\/v2\/comments?post=105"}],"wp:featuredmedia":[{"embeddable":true,"href":"https:\/\/pulvemaq.com.br\/new\/index.php\/wp-json\/wp\/v2\/media\/111"}],"wp:attachment":[{"href":"https:\/\/pulvemaq.com.br\/new\/index.php\/wp-json\/wp\/v2\/media?parent=105"}],"wp:term":[{"taxonomy":"product_cat","embeddable":true,"href":"https:\/\/pulvemaq.com.br\/new\/index.php\/wp-json\/wp\/v2\/product_cat?post=105"},{"taxonomy":"product_tag","embeddable":true,"href":"https:\/\/pulvemaq.com.br\/new\/index.php\/wp-json\/wp\/v2\/product_tag?post=105"}],"curies":[{"name":"wp","href":"https:\/\/api.w.org\/{rel}","templated":true}]}}