{"id":37,"date":"2020-10-01T15:17:50","date_gmt":"2020-10-01T18:17:50","guid":{"rendered":"http:\/\/pulvemaq.com.br\/new\/?page_id=37"},"modified":"2022-08-04T20:39:27","modified_gmt":"2022-08-04T23:39:27","slug":"localizacao","status":"publish","type":"page","link":"https:\/\/pulvemaq.com.br\/new\/index.php\/localizacao\/","title":{"rendered":"Localiza\u00e7\u00e3o"},"content":{"rendered":"\n<div class=\"wp-block-image\"><figure class=\"aligncenter size-large\"><img decoding=\"async\" loading=\"lazy\" width=\"708\" height=\"121\" src=\"http:\/\/pulvemaq.com.br\/new\/wp-content\/uploads\/2020\/10\/nossa-localizacao.jpg\" alt=\"\" class=\"wp-image-100\" srcset=\"https:\/\/pulvemaq.com.br\/new\/wp-content\/uploads\/2020\/10\/nossa-localizacao.jpg 708w, https:\/\/pulvemaq.com.br\/new\/wp-content\/uploads\/2020\/10\/nossa-localizacao-300x51.jpg 300w, https:\/\/pulvemaq.com.br\/new\/wp-content\/uploads\/2020\/10\/nossa-localizacao-600x103.jpg 600w\" sizes=\"(max-width: 708px) 100vw, 708px\" \/><\/figure><\/div>\n\n\n\n<p>A Pulvemaq est\u00e1 localizada na Rua Santa Vit\u00f3ria, 207, Balne\u00e1rio Santa Vit\u00f3ria, na cidade hist\u00f3rica de Rio Pardo &#8211; RS. Com uma localiza\u00e7\u00e3o estrat\u00e9gica, bem no centro do estado do Rio Grande do Sul. Estamos distante cerca de 35 Km da cidade polo da regi\u00e3o do Vale do Rio Pardo, Santa Cruz do Sul e a 146 Km da capital do estado Porto Alegre.<\/p>\n\n\n\n<p>Nossa localiza\u00e7\u00e3o facilita a distribui\u00e7\u00e3o dos nossos produtos, pois temos acesso as principais rodovias que interligam nosso estado. Tamb\u00e9m temos f\u00e1cil acesso ao Porto de Rio Grande.<br><br><\/p>\n","protected":false},"excerpt":{"rendered":"<p>A Pulvemaq est\u00e1 localizada na Rua Santa Vit\u00f3ria, 207, Balne\u00e1rio Santa Vit\u00f3ria, na cidade hist\u00f3rica de Rio Pardo &#8211; RS. Com uma localiza\u00e7\u00e3o estrat\u00e9gica, bem no centro do estado do Rio Grande do Sul. Estamos distante cerca de 35 Km da cidade polo da regi\u00e3o do Vale do Rio Pardo,&hellip; <\/p>\n","protected":false},"author":1,"featured_media":0,"parent":0,"menu_order":2,"comment_status":"closed","ping_status":"closed","template":"","meta":[],"_links":{"self":[{"href":"https:\/\/pulvemaq.com.br\/new\/index.php\/wp-json\/wp\/v2\/pages\/37"}],"collection":[{"href":"https:\/\/pulvemaq.com.br\/new\/index.php\/wp-json\/wp\/v2\/pages"}],"about":[{"href":"https:\/\/pulvemaq.com.br\/new\/index.php\/wp-json\/wp\/v2\/types\/page"}],"author":[{"embeddable":true,"href":"https:\/\/pulvemaq.com.br\/new\/index.php\/wp-json\/wp\/v2\/users\/1"}],"replies":[{"embeddable":true,"href":"https:\/\/pulvemaq.com.br\/new\/index.php\/wp-json\/wp\/v2\/comments?post=37"}],"version-history":[{"count":23,"href":"https:\/\/pulvemaq.com.br\/new\/index.php\/wp-json\/wp\/v2\/pages\/37\/revisions"}],"predecessor-version":[{"id":291,"href":"https:\/\/pulvemaq.com.br\/new\/index.php\/wp-json\/wp\/v2\/pages\/37\/revisions\/291"}],"wp:attachment":[{"href":"https:\/\/pulvemaq.com.br\/new\/index.php\/wp-json\/wp\/v2\/media?parent=37"}],"curies":[{"name":"wp","href":"https:\/\/api.w.org\/{rel}","templated":true}]}}