{"id":33,"date":"2020-10-01T15:14:30","date_gmt":"2020-10-01T18:14:30","guid":{"rendered":"http:\/\/pulvemaq.com.br\/new\/?page_id=33"},"modified":"2022-08-04T20:34:37","modified_gmt":"2022-08-04T23:34:37","slug":"quem-somos","status":"publish","type":"page","link":"https:\/\/pulvemaq.com.br\/new\/index.php\/quem-somos\/","title":{"rendered":"Quem Somos"},"content":{"rendered":"\n<figure class=\"wp-block-image size-large\"><img decoding=\"async\" loading=\"lazy\" width=\"708\" height=\"121\" src=\"http:\/\/pulvemaq.com.br\/new\/wp-content\/uploads\/2020\/10\/quem-somos.jpg\" alt=\"\" class=\"wp-image-102\" srcset=\"https:\/\/pulvemaq.com.br\/new\/wp-content\/uploads\/2020\/10\/quem-somos.jpg 708w, https:\/\/pulvemaq.com.br\/new\/wp-content\/uploads\/2020\/10\/quem-somos-300x51.jpg 300w, https:\/\/pulvemaq.com.br\/new\/wp-content\/uploads\/2020\/10\/quem-somos-600x103.jpg 600w\" sizes=\"(max-width: 708px) 100vw, 708px\" \/><\/figure>\n\n\n\n<p>A Pulvemaq nasce com o objetivo de crescer cada vez mais voltada para bem servir o homem do campo. Atendendo suas necessidades e buscando sempre a melhor qualidade. Utilizando-se de alta tecnologia que permite a produ\u00e7\u00e3o de pe\u00e7as de qualidade e confiabilidade com baixo custo de manuten\u00e7\u00e3o.<\/p>\n\n\n\n<p>Endere\u00e7o:\u00a0Rua Santa Vit\u00f3ria, 207, Balne\u00e1rio Santa Vit\u00f3ria, Rio Pardo &#8211; RS<br>Fone:\u00a051-999234210<\/p>\n\n\n\n<p><strong>Emails:<\/strong><br>Geral:&nbsp;pulvemaq@pulvemaq.com.br<br>Vendas:&nbsp;vendas@pulvemaq.com.br<br>Financeiro:&nbsp;financeiro@pulvemaq.com.br<\/p>\n","protected":false},"excerpt":{"rendered":"<p>A Pulvemaq nasce com o objetivo de crescer cada vez mais voltada para bem servir o homem do campo. Atendendo suas necessidades e buscando sempre a melhor qualidade. Utilizando-se de alta tecnologia que permite a produ\u00e7\u00e3o de pe\u00e7as de qualidade e confiabilidade com baixo custo de manuten\u00e7\u00e3o. Endere\u00e7o:\u00a0Rua Santa Vit\u00f3ria,&hellip; <\/p>\n","protected":false},"author":1,"featured_media":0,"parent":0,"menu_order":1,"comment_status":"closed","ping_status":"closed","template":"","meta":[],"_links":{"self":[{"href":"https:\/\/pulvemaq.com.br\/new\/index.php\/wp-json\/wp\/v2\/pages\/33"}],"collection":[{"href":"https:\/\/pulvemaq.com.br\/new\/index.php\/wp-json\/wp\/v2\/pages"}],"about":[{"href":"https:\/\/pulvemaq.com.br\/new\/index.php\/wp-json\/wp\/v2\/types\/page"}],"author":[{"embeddable":true,"href":"https:\/\/pulvemaq.com.br\/new\/index.php\/wp-json\/wp\/v2\/users\/1"}],"replies":[{"embeddable":true,"href":"https:\/\/pulvemaq.com.br\/new\/index.php\/wp-json\/wp\/v2\/comments?post=33"}],"version-history":[{"count":4,"href":"https:\/\/pulvemaq.com.br\/new\/index.php\/wp-json\/wp\/v2\/pages\/33\/revisions"}],"predecessor-version":[{"id":289,"href":"https:\/\/pulvemaq.com.br\/new\/index.php\/wp-json\/wp\/v2\/pages\/33\/revisions\/289"}],"wp:attachment":[{"href":"https:\/\/pulvemaq.com.br\/new\/index.php\/wp-json\/wp\/v2\/media?parent=33"}],"curies":[{"name":"wp","href":"https:\/\/api.w.org\/{rel}","templated":true}]}}