{"id":268,"date":"2021-02-03T13:46:50","date_gmt":"2021-02-03T16:46:50","guid":{"rendered":"https:\/\/pulvemaq.com.br\/new\/?page_id=268"},"modified":"2022-08-18T12:44:52","modified_gmt":"2022-08-18T15:44:52","slug":"catalogo-de-pecas-e-acessorios","status":"publish","type":"page","link":"https:\/\/pulvemaq.com.br\/new\/index.php\/catalogo-de-pecas-e-acessorios\/","title":{"rendered":"Cat\u00e1logo de Pe\u00e7as e Acess\u00f3rios"},"content":{"rendered":"\n<figure class=\"wp-block-image size-large is-resized\"><a href=\"https:\/\/pulvemaq.com.br\/new\/wp-content\/uploads\/2022\/08\/Catalogo-Pecas-e-Acessorios-Pulvemaq1.pdf\" target=\"_blank\" rel=\"noopener\"><img decoding=\"async\" loading=\"lazy\" src=\"https:\/\/pulvemaq.com.br\/new\/wp-content\/uploads\/2021\/02\/download-catalogo.jpg\" alt=\"\" class=\"wp-image-272\" width=\"150\" height=\"47\"\/><\/a><\/figure>\n\n\n<a href=\"https:\/\/pulvemaq.com.br\/new\/wp-content\/uploads\/2022\/08\/Catalogo-Pecas-e-Acessorios-Pulvemaq1.pdf\" class=\"pdfemb-viewer\" style=\"\" data-width=\"max\" data-height=\"max\"  data-toolbar=\"bottom\" data-toolbar-fixed=\"off\">Catalogo-Pecas-e-Acessorios-Pulvemaq1<br\/><\/a>\n<p class=\"wp-block-pdfemb-pdf-embedder-viewer\"><\/p>\n","protected":false},"excerpt":{"rendered":"","protected":false},"author":1,"featured_media":0,"parent":0,"menu_order":2,"comment_status":"closed","ping_status":"closed","template":"","meta":[],"_links":{"self":[{"href":"https:\/\/pulvemaq.com.br\/new\/index.php\/wp-json\/wp\/v2\/pages\/268"}],"collection":[{"href":"https:\/\/pulvemaq.com.br\/new\/index.php\/wp-json\/wp\/v2\/pages"}],"about":[{"href":"https:\/\/pulvemaq.com.br\/new\/index.php\/wp-json\/wp\/v2\/types\/page"}],"author":[{"embeddable":true,"href":"https:\/\/pulvemaq.com.br\/new\/index.php\/wp-json\/wp\/v2\/users\/1"}],"replies":[{"embeddable":true,"href":"https:\/\/pulvemaq.com.br\/new\/index.php\/wp-json\/wp\/v2\/comments?post=268"}],"version-history":[{"count":6,"href":"https:\/\/pulvemaq.com.br\/new\/index.php\/wp-json\/wp\/v2\/pages\/268\/revisions"}],"predecessor-version":[{"id":296,"href":"https:\/\/pulvemaq.com.br\/new\/index.php\/wp-json\/wp\/v2\/pages\/268\/revisions\/296"}],"wp:attachment":[{"href":"https:\/\/pulvemaq.com.br\/new\/index.php\/wp-json\/wp\/v2\/media?parent=268"}],"curies":[{"name":"wp","href":"https:\/\/api.w.org\/{rel}","templated":true}]}}